{"id":260,"date":"2019-10-02T22:18:52","date_gmt":"2019-10-02T23:18:52","guid":{"rendered":"https:\/\/atelier18.be\/wp\/?page_id=260"},"modified":"2024-09-28T14:50:37","modified_gmt":"2024-09-28T15:50:37","slug":"stores-tentures","status":"publish","type":"page","link":"https:\/\/www.atelier18.be\/wp\/stores-tentures\/","title":{"rendered":"Stores &#8211; Tentures &#8211; Ameublement"},"content":{"rendered":"<p>Tentures, voilages, stores, coussins&#8230;<\/p>\n<p>Donnez de la personnalit\u00e9\u00a0\u00e0 vos espaces,\u00a0donnez vie \u00e0 vos envies\u2026.<\/p>\n<p>Vous souhaitez pr\u00e9server votre intimit\u00e9, ajouter du chic \u00e0 votre int\u00e9rieur, le moderniser, vous prot\u00e9ger des rayons du soleil avec \u00e9l\u00e9gance?<\/p>\n<p>Nous cr\u00e9ons et r\u00e9alisons vos envies avec des textiles de haute qualit\u00e9 pour tous vos espaces int\u00e9rieurs et ext\u00e9rieurs.<\/p>\n<p>Nous vous proposons des services sur mesure, nous vous conseillons dans le choix des tissus et des toiles.<\/p>\n<p>Nous r\u00e9alisons chaque pi\u00e8ce de mani\u00e8re artisanale.<\/p>\n<figure>\n\t\t\t\t\t\t\t\t\t\t<img fetchpriority=\"high\" decoding=\"async\" width=\"1170\" height=\"660\" src=\"https:\/\/www.atelier18.be\/wp\/wp-content\/uploads\/2020\/07\/IMG_20200612_194112-2048x1156.jpg\" alt=\"\" srcset=\"https:\/\/www.atelier18.be\/wp\/wp-content\/uploads\/2020\/07\/IMG_20200612_194112-2048x1156.jpg 2048w, https:\/\/www.atelier18.be\/wp\/wp-content\/uploads\/2020\/07\/IMG_20200612_194112-300x169.jpg 300w, https:\/\/www.atelier18.be\/wp\/wp-content\/uploads\/2020\/07\/IMG_20200612_194112-1024x578.jpg 1024w, https:\/\/www.atelier18.be\/wp\/wp-content\/uploads\/2020\/07\/IMG_20200612_194112-768x434.jpg 768w, https:\/\/www.atelier18.be\/wp\/wp-content\/uploads\/2020\/07\/IMG_20200612_194112-1536x867.jpg 1536w, https:\/\/www.atelier18.be\/wp\/wp-content\/uploads\/2020\/07\/IMG_20200612_194112-830x469.jpg 830w, https:\/\/www.atelier18.be\/wp\/wp-content\/uploads\/2020\/07\/IMG_20200612_194112-230x130.jpg 230w, https:\/\/www.atelier18.be\/wp\/wp-content\/uploads\/2020\/07\/IMG_20200612_194112-350x198.jpg 350w, https:\/\/www.atelier18.be\/wp\/wp-content\/uploads\/2020\/07\/IMG_20200612_194112-480x271.jpg 480w\" sizes=\"(max-width: 1170px) 100vw, 1170px\" \/><figcaption>Meubles d&rsquo;ext\u00e9rieur<\/figcaption><\/figure>\n<figure><img decoding=\"async\" src=\"https:\/\/www.atelier18.be\/wp\/wp-content\/uploads\/2020\/07\/received_1059496441112873-350x263.jpeg\" alt=\"Meubles ext\u00e9rieure\" \/><\/figure>\n<figure><img decoding=\"async\" src=\"https:\/\/www.atelier18.be\/wp\/wp-content\/uploads\/2020\/07\/IMG_20200703_185135-350x198.jpg\" alt=\"Meubles ext\u00e9rieure\" \/><\/figure>\n<figure><img decoding=\"async\" src=\"https:\/\/www.atelier18.be\/wp\/wp-content\/uploads\/2020\/07\/IMG_20200612_194112-350x198.jpg\" alt=\"Meubles ext\u00e9rieure\" \/><\/figure>\n<p>\t\t\t\t\t\tPr\u00e9c\u00e9dent<br \/>\n\t\t\t\t\t\tSuivant<\/p>\n","protected":false},"excerpt":{"rendered":"<p>Tentures, voilages, stores, coussins&#8230; Donnez de la personnalit\u00e9\u00a0\u00e0 vos espaces,\u00a0donnez vie \u00e0 vos envies\u2026. Vous souhaitez pr\u00e9server votre intimit\u00e9, ajouter du chic [&hellip;]<\/p>\n","protected":false},"author":1,"featured_media":0,"parent":0,"menu_order":0,"comment_status":"closed","ping_status":"closed","template":"page-templates\/page_fullwidth.php","meta":{"footnotes":""},"class_list":["post-260","page","type-page","status-publish","hentry"],"_links":{"self":[{"href":"https:\/\/www.atelier18.be\/wp\/wp-json\/wp\/v2\/pages\/260","targetHints":{"allow":["GET"]}}],"collection":[{"href":"https:\/\/www.atelier18.be\/wp\/wp-json\/wp\/v2\/pages"}],"about":[{"href":"https:\/\/www.atelier18.be\/wp\/wp-json\/wp\/v2\/types\/page"}],"author":[{"embeddable":true,"href":"https:\/\/www.atelier18.be\/wp\/wp-json\/wp\/v2\/users\/1"}],"replies":[{"embeddable":true,"href":"https:\/\/www.atelier18.be\/wp\/wp-json\/wp\/v2\/comments?post=260"}],"version-history":[{"count":15,"href":"https:\/\/www.atelier18.be\/wp\/wp-json\/wp\/v2\/pages\/260\/revisions"}],"predecessor-version":[{"id":1342,"href":"https:\/\/www.atelier18.be\/wp\/wp-json\/wp\/v2\/pages\/260\/revisions\/1342"}],"wp:attachment":[{"href":"https:\/\/www.atelier18.be\/wp\/wp-json\/wp\/v2\/media?parent=260"}],"curies":[{"name":"wp","href":"https:\/\/api.w.org\/{rel}","templated":true}]}}