{"id":663,"date":"2020-03-29T20:06:33","date_gmt":"2020-03-29T21:06:33","guid":{"rendered":"https:\/\/www.atelier18.be\/wp\/?page_id=663"},"modified":"2024-09-28T22:04:27","modified_gmt":"2024-09-28T23:04:27","slug":"nos-prix","status":"publish","type":"page","link":"https:\/\/www.atelier18.be\/wp\/nos-prix\/","title":{"rendered":"Prix d&rsquo;un projet de garnissage"},"content":{"rendered":"\t\t<div data-elementor-type=\"wp-page\" data-elementor-id=\"663\" class=\"elementor elementor-663\">\n\t\t\t\t\t\t<section class=\"elementor-section elementor-top-section elementor-element elementor-element-c68625c elementor-section-boxed elementor-section-height-default elementor-section-height-default\" data-id=\"c68625c\" data-element_type=\"section\">\n\t\t\t\t\t\t<div class=\"elementor-container elementor-column-gap-default\">\n\t\t\t\t\t<div class=\"elementor-column elementor-col-100 elementor-top-column elementor-element elementor-element-3061b1f\" data-id=\"3061b1f\" data-element_type=\"column\">\n\t\t\t<div class=\"elementor-widget-wrap elementor-element-populated\">\n\t\t\t\t\t\t<div class=\"elementor-element elementor-element-dac8109 elementor-widget-divider--view-line elementor-widget elementor-widget-divider\" data-id=\"dac8109\" data-element_type=\"widget\" data-widget_type=\"divider.default\">\n\t\t\t\t<div class=\"elementor-widget-container\">\n\t\t\t\t\t<div class=\"elementor-divider\">\n\t\t\t<span class=\"elementor-divider-separator\">\n\t\t\t\t\t\t<\/span>\n\t\t<\/div>\n\t\t\t\t<\/div>\n\t\t\t\t<\/div>\n\t\t\t\t<div class=\"elementor-element elementor-element-03ce7fb elementor-widget elementor-widget-spacer\" data-id=\"03ce7fb\" data-element_type=\"widget\" data-widget_type=\"spacer.default\">\n\t\t\t\t<div class=\"elementor-widget-container\">\n\t\t\t\t\t<div class=\"elementor-spacer\">\n\t\t\t<div class=\"elementor-spacer-inner\"><\/div>\n\t\t<\/div>\n\t\t\t\t<\/div>\n\t\t\t\t<\/div>\n\t\t\t\t\t<\/div>\n\t\t<\/div>\n\t\t\t\t\t<\/div>\n\t\t<\/section>\n\t\t\t\t<section class=\"elementor-section elementor-top-section elementor-element elementor-element-d10faa6 elementor-section-boxed elementor-section-height-default elementor-section-height-default\" data-id=\"d10faa6\" data-element_type=\"section\">\n\t\t\t\t\t\t<div class=\"elementor-container elementor-column-gap-default\">\n\t\t\t\t\t<div class=\"elementor-column elementor-col-100 elementor-top-column elementor-element elementor-element-3ee64f7\" data-id=\"3ee64f7\" data-element_type=\"column\">\n\t\t\t<div class=\"elementor-widget-wrap elementor-element-populated\">\n\t\t\t\t\t\t<div class=\"elementor-element elementor-element-17ddfd6 animated-slow elementor-widget elementor-widget-text-editor\" data-id=\"17ddfd6\" data-element_type=\"widget\" data-settings=\"{&quot;_animation&quot;:&quot;none&quot;,&quot;_animation_delay&quot;:20}\" data-widget_type=\"text-editor.default\">\n\t\t\t\t<div class=\"elementor-widget-container\">\n\t\t\t\t\t\t\t\u00ab\u00a0Quand tu ach\u00e8tes quelque chose d\u2019un artiste tu ach\u00e8tes des centaines d\u2019heures d\u2019\u00e9checs et d\u2019espoir.\u00a0Tu ach\u00e8tes des mois de frustrations et des moments de pure joie. Tu n\u2019ach\u00e8tes pas un objet mais un morceau de coeur une partie de l\u2019\u00e2me, un moment de vie de quelqu\u2019un d\u2019autre \u00bb\n\n&nbsp;\n<p>\n<p style=\"font-style: normal; font-size: smaller;\">Auteur inconnu<\/p>\n<p style=\"font-style: normal; font-size: smaller;\"><\/p>\t\t\t\t\t\t<\/div>\n\t\t\t\t<\/div>\n\t\t\t\t\t<\/div>\n\t\t<\/div>\n\t\t\t\t\t<\/div>\n\t\t<\/section>\n\t\t\t\t<section class=\"elementor-section elementor-top-section elementor-element elementor-element-6fe6c3d elementor-section-boxed elementor-section-height-default elementor-section-height-default\" data-id=\"6fe6c3d\" data-element_type=\"section\">\n\t\t\t\t\t\t<div class=\"elementor-container elementor-column-gap-default\">\n\t\t\t\t\t<div class=\"elementor-column elementor-col-100 elementor-top-column elementor-element elementor-element-61991c1\" data-id=\"61991c1\" data-element_type=\"column\">\n\t\t\t<div class=\"elementor-widget-wrap elementor-element-populated\">\n\t\t\t\t\t\t<div class=\"elementor-element elementor-element-24419c1 elementor-widget elementor-widget-spacer\" data-id=\"24419c1\" data-element_type=\"widget\" data-widget_type=\"spacer.default\">\n\t\t\t\t<div class=\"elementor-widget-container\">\n\t\t\t\t\t<div class=\"elementor-spacer\">\n\t\t\t<div class=\"elementor-spacer-inner\"><\/div>\n\t\t<\/div>\n\t\t\t\t<\/div>\n\t\t\t\t<\/div>\n\t\t\t\t<div class=\"elementor-element elementor-element-5b2623e elementor-widget elementor-widget-html\" data-id=\"5b2623e\" data-element_type=\"widget\" data-widget_type=\"html.default\">\n\t\t\t\t<div class=\"elementor-widget-container\">\n\t\t\t\n<style>\n  .prix {\n    border: none;\n    text-align: left;\n  }\n<\/style>\n\n\n<table>\n<tbody>\n<tr class=\"prix\" style=\"vertical-align: top\" >\n<td class=\"prix\"   style=\"text-align: justify;\">\n    \n    \n    Nos prix sont \u00e9tudi\u00e9s au plus juste car nous souhaitons une consommation \u00e9thique, cr\u00e9atrice et singuli\u00e8re. Comme nos confections sont personnalis\u00e9es, il est difficile de donner un prix exact sans en savoir plus sur votre projet.<br\/>\n\n    \n\nDe plus, cela d\u00e9pend \u00e9galement du rembourrage utilis\u00e9 (mousse ou <a href=\"https:\/\/fr.wikipedia.org\/wiki\/Crin\" target=\"_blank\" rel=\"noopener\">crin<\/a>\u00a0v\u00e9g\u00e9tal)\u00a0de la complexit\u00e9 du si\u00e8ge (avec ou sans bosse, avec ou\u00a0sans coussin)\u00a0du tissu choisi et du nombre de m\u00e8tres pour le si\u00e8ge\u00a0de la finition choisie ( avec double passepoil ou clou).\n<p><\/p>\nPour aider \u00e0 votre r\u00e9flexion, ci-dessous, vous trouverez \u00e0 titre indicatif une id\u00e9e de nos prix par style de fauteuil.\n<p><\/p>\n\nN'h\u00e9sitez \u00e0 nous <a href=\"https:\/\/www.atelier18.be\/wp\/contactez-nous\/\" target=\"_blank\" rel=\"noopener\">contacter<\/a> pour un devis personnalis\u00e9.<\/td>\n<td class=\"prix\" style=\"width:35%;vertical-align:top;\">\n<figure style=\"float: right; width: 65%; text-align: center; text-indent: 0; font-style: italic; font-size: smaller;padding-top:10px;\"><img decoding=\"async\" class=\" wp-image-812\" src=\"https:\/\/www.atelier18.be\/wp\/wp-content\/uploads\/2020\/05\/Fauteuil-tonneau-ann\u00e9e-60-sur-pied.jpg\" alt=\"Fauteuil tonneau ann\u00e9es 60 sur pied\" width=\"400\" srcset=\"https:\/\/www.atelier18.be\/wp\/wp-content\/uploads\/2020\/05\/Fauteuil-tonneau-ann\u00e9e-60-sur-pied.jpg 768w, https:\/\/www.atelier18.be\/wp\/wp-content\/uploads\/2020\/05\/Fauteuil-tonneau-ann\u00e9e-60-sur-pied-225x300.jpg 225w, https:\/\/www.atelier18.be\/wp\/wp-content\/uploads\/2020\/05\/Fauteuil-tonneau-ann\u00e9e-60-sur-pied-230x307.jpg 230w, https:\/\/www.atelier18.be\/wp\/wp-content\/uploads\/2020\/05\/Fauteuil-tonneau-ann\u00e9e-60-sur-pied-350x467.jpg 350w, https:\/\/www.atelier18.be\/wp\/wp-content\/uploads\/2020\/05\/Fauteuil-tonneau-ann\u00e9e-60-sur-pied-480x640.jpg 480w, https:\/\/www.atelier18.be\/wp\/wp-content\/uploads\/2020\/05\/Fauteuil-tonneau-ann\u00e9e-60-sur-pied-250x333.jpg 250w, https:\/\/www.atelier18.be\/wp\/wp-content\/uploads\/2020\/05\/Fauteuil-tonneau-ann\u00e9e-60-sur-pied-550x733.jpg 550w, https:\/\/www.atelier18.be\/wp\/wp-content\/uploads\/2020\/05\/Fauteuil-tonneau-ann\u00e9e-60-sur-pied-135x180.jpg 135w, https:\/\/www.atelier18.be\/wp\/wp-content\/uploads\/2020\/05\/Fauteuil-tonneau-ann\u00e9e-60-sur-pied-375x500.jpg 375w\" sizes=\"(max-width: 768px) 100vw, 768px\" \/><figcaption style=\"padding: 1em;\">Fauteuil Tonneau sur pied\n\n\n(1960's)<\/figcaption><\/figure>\n<\/td>\n<\/tr>\n<\/tbody>\n<\/table>\n\n\n<p style=\"padding-top:14px\">\n\n<table class=\"prix\" style=\"width:100%\" >\n<tbody>\n    \n<tr>\n    <td class=\"prix\" colspan=\"5\">\n      <h4 class=\"prix\" style=\"padding-top:40px\">Prix indicatifs hors T.V.A.<\/h4>\n      Tarif horaire : 40 \u20ac\/hr\n    \n      Pour garantir la qualit\u00e9 de ses travaux, Atelier 18 ne travaille qu'avec les tissus qu'il fournit . \n      Ils sont en suppl\u00e9ment des tarifs ci -apr\u00e8s\n          \n     \n    <\/td>\n  <\/tr>\n   \n   \n   <tr>\n    <td class=\"prix\" colspan=\"5\">\n      <h2 class=\"prix\" style=\"padding-top:40px\">Chaise sans dossier<\/h2>\n    <\/td>\n  <\/tr>\n  <tr>\n\n    <td class=\"prix\" rowspan=\"5\" style=\"width:10%;\"> <\/td>\n    <td class=\"prix\" rowspan=\"5\" style=\"width:20%;\">\n   <img decoding=\"async\" class=\"wp-image-723 alignleft\" src=\"https:\/\/www.atelier18.be\/wp\/wp-content\/uploads\/2020\/05\/Chaise_sans_dossier.png\" alt=\"chaise sans dossier\" width=\"105\" height=\"151\" srcset=\"https:\/\/www.atelier18.be\/wp\/wp-content\/uploads\/2020\/05\/Chaise_sans_dossier.png 2290w, https:\/\/www.atelier18.be\/wp\/wp-content\/uploads\/2020\/05\/Chaise_sans_dossier-209x300.png 209w, https:\/\/www.atelier18.be\/wp\/wp-content\/uploads\/2020\/05\/Chaise_sans_dossier-768x1100.png 768w, https:\/\/www.atelier18.be\/wp\/wp-content\/uploads\/2020\/05\/Chaise_sans_dossier-715x1024.png 715w, https:\/\/www.atelier18.be\/wp\/wp-content\/uploads\/2020\/05\/Chaise_sans_dossier-830x1189.png 830w, https:\/\/www.atelier18.be\/wp\/wp-content\/uploads\/2020\/05\/Chaise_sans_dossier-230x330.png 230w, https:\/\/www.atelier18.be\/wp\/wp-content\/uploads\/2020\/05\/Chaise_sans_dossier-350x501.png 350w, https:\/\/www.atelier18.be\/wp\/wp-content\/uploads\/2020\/05\/Chaise_sans_dossier-480x688.png 480w, https:\/\/www.atelier18.be\/wp\/wp-content\/uploads\/2020\/05\/Chaise_sans_dossier-250x358.png 250w, https:\/\/www.atelier18.be\/wp\/wp-content\/uploads\/2020\/05\/Chaise_sans_dossier-550x788.png 550w, https:\/\/www.atelier18.be\/wp\/wp-content\/uploads\/2020\/05\/Chaise_sans_dossier-800x1146.png 800w, https:\/\/www.atelier18.be\/wp\/wp-content\/uploads\/2020\/05\/Chaise_sans_dossier-126x180.png 126w, https:\/\/www.atelier18.be\/wp\/wp-content\/uploads\/2020\/05\/Chaise_sans_dossier-349x500.png 349w\" sizes=\"(max-width: 105px) 100vw, 105px\" \/>\n    <\/td>\n\n    <td class=\"prix\" style=\"width:35%;\">- Pose Tissu<\/td>\n    <td class=\"prix\" style=\"width:35%;\">2 Heures<\/td>\n  <\/tr>\n\n  <tr>\n    <td class=\"prix\"> - R\u00e9fection compl\u00e8te mousse<\/td>\n    <td class=\"prix\"> 6 Heures <\/td>\n  <\/tr>\n \n  <tr>\n    <td class=\"prix\"> - R\u00e9fection compl\u00e8te crin et ressorts<\/td>\n    <td class=\"prix\"> 8 Heures<\/td>\n \n  <tr>\n    <td class=\"prix\"> - Minimum 0.7 m de tissu<\/td>\n    <td class=\"prix\"> \u00e0 partir de 55 \u20ac\/m<\/td>\n  <\/tr>\n  <tr>\n     <td class=\"prix\">- <a href=\"https:\/\/www.atelier18.be\/wp\/chaise-sans-dossier\/\">Exemples de r\u00e9alisations<\/a><\/td>\n \n \n <!-- Cabriolet -->\n \n<tr>\n    <td class=\"prix\" colspan=\"4\">\n      <h2 style=\"padding-top:40px\">Cabriolet<\/h2>\n    <\/td>\n <\/tr>\n  <tr>\n\n    <td class=\"prix\" rowspan=\"5\" style=\"width:10%\"> <\/td>\n   \n    <td class=\"prix\"  rowspan=\"5\" style=\"width:20%;\">\n  <img decoding=\"async\" class=\"wp-image-723 alignleft\" src=\"https:\/\/www.atelier18.be\/wp\/wp-content\/uploads\/2020\/05\/Chaise_avec_dossier.png\" alt=\"chaise avec dossier (cabriolet)\" width=\"105\" height=\"151\" \/>\n    <\/td>\n\n    <td class=\"prix\" style=\"width:35%;\">- Pose Tissu<\/td>\n    <td class=\"prix\" style=\"width:35%;\">4 Heures<\/td>\n  <\/tr>\n\n  <tr>\n    <td class=\"prix\"> - R\u00e9fection compl\u00e8te mousse<\/td>\n    <td class=\"prix\"> 8 Heures<\/td>\n  <\/tr>\n \n  <tr>\n    <td class=\"prix\"> - R\u00e9fection compl\u00e8te crin et ressorts<\/td>\n    <td class=\"prix\">10 Heures<\/td>\n <\/tr>\n  <tr>\n    <td class=\"prix\"> - Minimum 0.7 m de tissu<\/td>\n    <td class=\"prix\"> \u00e0 partir de 55 \u20ac\/m<\/td>\n  <\/tr>\n\n   <tr colspan=\"2\">\n    <td class=\"prix\">- <a href=\"https:\/\/www.atelier18.be\/wp\/cabriolet\/\">Exemples de r\u00e9alisations<\/a><\/td>\n  <\/tr>\n\n <!-- Voltaire -->\n \n<tr>\n    <td class=\"prix\" colspan=\"4\">\n      <h2 style=\"padding-top:40px\">Voltaire<\/h2>\n    <\/td>\n <\/tr>\n  <tr>\n\n    <td   class=\"prix\" rowspan=\"5\" style=\"width:10%;\"> <\/td>\n   \n    <td class=\"prix\" rowspan=\"5\" style=\"width:20%;\">\n <img decoding=\"async\" class=\"wp-image-723 alignleft\" src=\"https:\/\/www.atelier18.be\/wp\/wp-content\/uploads\/2020\/05\/Voltaire.png\" alt=\"Prix Garnissage Voltaire\" width=\"105\" height=\"151\" \/>\n    <\/td>\n\n    <td class=\"prix\" style=\"width:35%;\">- Pose Tissu<\/td>\n    <td class=\"prix\" style=\"width:35%;\">6 Heures<\/td>\n  <\/tr>\n\n  <tr>\n    <td class=\"prix\"> - R\u00e9fection compl\u00e8te mousse<\/td>\n    <td class=\"prix\">8 Heures<\/td>\n  <\/tr>\n \n  <tr>\n    <td class=\"prix\"> - R\u00e9fection compl\u00e8te crin et ressorts<\/td>\n    <td class=\"prix\"> 12 Heures<\/td>\n <\/tr>\n  <tr>\n    <td class=\"prix\"> - Minimum 1.8 m de tissu<\/td>\n    <td class=\"prix\"> \u00e0 partir de 55 \u20ac\/m<\/td>\n  <\/tr>\n\n   <tr colspan=\"2\">\n    <td class=\"prix\">- <a href=\"https:\/\/www.atelier18.be\/wp\/chaise-voltaire\/\">Exemples de r\u00e9alisations<\/a><\/td>\n <\/tr>\n\n \n \n  <!-- Bergere -->\n \n<tr>\n    <td class=\"prix\" colspan=\"4\">\n      <h2 style=\"padding-top:40px\">Berg\u00e8re<\/h2>\n    <\/td>\n <\/tr>\n  <tr>\n\n    <td class=\"prix\" rowspan=\"5\" style=\"width:10%;\"> <\/td>\n   \n    <td class=\"prix\" rowspan=\"5\" style=\"width:20%;\">\n <img loading=\"lazy\" decoding=\"async\" class=\"wp-image-723 alignleft\" src=\"https:\/\/www.atelier18.be\/wp\/wp-content\/uploads\/2020\/05\/Bergere.png\" alt=\"Prix Garnissage Berg\u00e8re\" width=\"105\" height=\"151\" \/>\n    <\/td>\n\n    <td class=\"prix\" style=\"width:35%;\">- Pose Tissu<\/td>\n    <td class=\"prix\" style=\"width:35%;\">11 Heures<\/td>\n  <\/tr>\n\n  <tr>\n    <td class=\"prix\"> - R\u00e9fection compl\u00e8te mousse<\/td>\n    <td class=\"prix\"> 19 Heures<\/td>\n  <\/tr>\n \n  <tr>\n    <td class=\"prix\"> - R\u00e9fection compl\u00e8te crin et ressorts<\/td>\n    <td class=\"prix\"> 30 Heures<\/td>\n <\/tr>\n  <tr>\n    <td class=\"prix\"> - Minimum 4 m de tissu<\/td>\n    <td class=\"prix\"> \u00e0 partir de 55 \u20ac\/m<\/td>\n  <\/tr>\n\n   <tr colspan=\"2\">\n    <td class=\"prix\">- <a href=\"https:\/\/www.atelier18.be\/wp\/bergere\/\">Exemples de r\u00e9alisations<\/a><\/td>\n<\/tr>\n\n\n\n  <!-- Crapaud -->\n \n<tr>\n    <td class=\"prix\" colspan=\"4\">\n      <h2 style=\"padding-top:40px\">Crapaud<\/h2>\n    <\/td>\n <\/tr>\n  <tr>\n\n    <td class=\"prix\" rowspan=\"5\" style=\"width:10%;\"> <\/td>\n   \n    <td class=\"prix\"  rowspan=\"5\" style=\"width:20%;\">\n<img loading=\"lazy\" decoding=\"async\" class=\"wp-image-723 alignleft\" src=\"https:\/\/www.atelier18.be\/wp\/wp-content\/uploads\/2020\/05\/Crapaud-1.png\" alt=\"Prix Garnissage Crapaud\" width=\"105\" height=\"151\"\/>\n    <\/td>\n\n    <td class=\"prix\" style=\"width:35%;\">- Pose Tissu<\/td>\n    <td class=\"prix\" style=\"width:35%;\">12 Heures<\/td>\n  <\/tr>\n\n  <tr>\n    <td class=\"prix\"> - R\u00e9fection compl\u00e8te mousse<\/td>\n    <td class=\"prix\"> 24 Heures<\/td>\n  <\/tr>\n \n  <tr>\n    <td class=\"prix\"> - R\u00e9fection compl\u00e8te crin et ressorts<\/td>\n    <td class=\"prix\"> 35 Heures<\/td>\n <\/tr>\n  <tr>\n    <td class=\"prix\"> - Minimum 4 m de tissu<\/td>\n    <td class=\"prix\"> \u00e0 partir de 55 \u20ac\/m<\/td>\n  <\/tr>\n\n   <tr colspan=\"2\">\n    <td class=\"prix\">- <a href=\"https:\/\/www.atelier18.be\/wp\/Crapaud\/\">Exemples de r\u00e9alisations<\/a><\/td>\n<\/tr>\n\n<!-- Canap\u00e9 -->\n \n<tr>\n    <td class=\"prix\" colspan=\"4\">\n      <h2 style=\"padding-top:40px\">Canap\u00e9<\/h2>\n    <\/td>\n <\/tr>\n  <tr>\n\n    <td class=\"prix\"   rowspan=\"3\" style=\"width:10%;\"> <\/td>\n   \n    <td class=\"prix\"  rowspan=\"3\" style=\"width:20%;\">\n<img loading=\"lazy\" decoding=\"async\" class=\"wp-image-723 alignleft\" src=\"https:\/\/www.atelier18.be\/wp\/wp-content\/uploads\/2020\/07\/Divan-1.png\" alt=\"Prix Garnissage Divan\" width=\"150\" height=\"151\"\/>\n    <\/td>\n\n    <td class=\"prix\"> - Heures par place pour pose de tissu <\/td>\n    <td class=\"prix\"> 10 Heures<\/td>\n <\/tr>\n <tr>\n    <td class=\"prix\" > - Minimum 7 m de tissu<\/td>\n    <td class=\"prix\"> \u00e0 partir de 55 \u20ac\/m<\/td>\n  <\/tr>\n <tr colspan=\"2\">\n    <td class=\"prix\">- <a href=\"https:\/\/www.atelier18.be\/wp\/divan\/\">Exemples de r\u00e9alisations<\/a><\/td>\n<\/tr>\n\n<!-- Togo -->\n \n<tr>\n    <td class=\"prix\" colspan=\"4\">\n      <h2 style=\"padding-top:40px\">Si\u00e8ge Togo<\/h2>\n    <\/td>\n <\/tr>\n  <tr>\n\n    <td class=\"prix\"  rowspan=\"3\" style=\"width:10%;\"> <\/td>\n   \n    <td class=\"prix\"  rowspan=\"3\" style=\"width:20%;\">\n<img loading=\"lazy\" decoding=\"async\" class=\"wp-image-723 alignleft\" src=\"https:\/\/www.atelier18.be\/wp\/wp-content\/uploads\/2020\/07\/Togo.png\" alt=\"Prix Garnissage Crapaud\" width=\"160\" height=\"151\"\/>\n    <\/td>\n\n    <td class=\"prix\"> - Heures par place pour pose de tissu <\/td>\n    <td class=\"prix\"> 12 Heures<\/td>\n <\/tr>\n <tr>\n    <td class=\"prix\" > - Minimum 4 m de tissu<\/td>\n    <td class=\"prix\"> \u00e0 partir de 55 \u20ac\/m<\/td>\n  <\/tr>\n <tr colspan=\"2\">\n    <td class=\"prix\">- <a href=\"https:\/\/www.atelier18.be\/wp\/Togo\/\">Exemples de r\u00e9alisations<\/a><\/td>\n<\/tr>\n\n\n<\/tbody>\n<\/table>\n \n\n<p style=\"padding-top:50px\">\n\n\n\nLe tissu n'est pas compris dans le tarif, il est \u00e0 pr\u00e9voir en suppl\u00e9ment suivant votre choix. Le prix de certaines collections commence \u00e0 55 \u20ac\/m avec un min d\u2019achat d\u20191 m\u00e8tre.\n<br>\nCes tarifs sont avec une finition double passepoil ou galon ( non compris dans le tarif).<br>\nSi vous souhaitez une finition \"Clou\" pr\u00e9voyez un suppl\u00e9ment de min 50 \u00e0 80 \u20ac pour la main-d\u2019\u0153uvre plus le choix du clou.<br>\n\nTarif sous r\u00e9serve de l'\u00e9tat des bois.\n<p><\/p>\n L'atelier ne travaille pas les tissus qu'il ne vend pas.\n<p style=\"padding-top:80px\">\n\n<h4>D\u00e9finitions<\/h4>\n<p><b><u>Pose de tissu<\/u><\/b>: \n\n\n<ul style=\"list-style-type:none\">\n    \n    <li>- d\u00e9garnissage de l\u2019ancien tissu,<\/li><li>- pose d\u2019une ouatine blanche (dacron) et d\u2019une toile blanche,<\/li><li>- pose du nouveau tissu et de la finition.<\/li>\n\n    \n<\/ul>\n\n\n\n<p><\/p>\n\n\n<b><u>R\u00e9fection compl\u00e8te<\/u><\/b>: <br>C'est la restauration de l\u2019ensemble du si\u00e8ge: assise dossier manchettes.<p><\/p>\n\n\n<ul style=\"list-style-type:none\">\n\n<li> - d\u00e9garnissage de la carcasse,<\/li><li>- remplacement des sangles, ressorts, garniture mousse ou crin, pose d\u2019une ouatine blanche (dacron) et d\u2019une toile blanche,<\/li>\n <li>- pose du nouveau tissu et de la finition.<\/li>\n\n<\/ul >\n\n\n<br> Le tarif inclus les fournitures hors prix du tissu et de la finition.\n\n\t\t<\/div>\n\t\t\t\t<\/div>\n\t\t\t\t\t<\/div>\n\t\t<\/div>\n\t\t\t\t\t<\/div>\n\t\t<\/section>\n\t\t\t\t<section class=\"elementor-section elementor-top-section elementor-element elementor-element-d4aa829 elementor-section-boxed elementor-section-height-default elementor-section-height-default\" data-id=\"d4aa829\" data-element_type=\"section\">\n\t\t\t\t\t\t<div class=\"elementor-container elementor-column-gap-default\">\n\t\t\t\t\t<div class=\"elementor-column elementor-col-100 elementor-top-column elementor-element elementor-element-71540eb\" data-id=\"71540eb\" data-element_type=\"column\">\n\t\t\t<div class=\"elementor-widget-wrap elementor-element-populated\">\n\t\t\t\t\t\t<div class=\"elementor-element elementor-element-465dcd4 elementor-widget elementor-widget-html\" data-id=\"465dcd4\" data-element_type=\"widget\" data-widget_type=\"html.default\">\n\t\t\t\t<div class=\"elementor-widget-container\">\n\t\t\t<Title> Prix r\u00e9novation garnissage tapisterie- Atelier18 Polleur (Verviers)<\/Title>\n\t\t<\/div>\n\t\t\t\t<\/div>\n\t\t\t\t\t<\/div>\n\t\t<\/div>\n\t\t\t\t\t<\/div>\n\t\t<\/section>\n\t\t\t\t<\/div>\n\t\t","protected":false},"excerpt":{"rendered":"<p>\u00ab\u00a0Quand tu ach\u00e8tes quelque chose d\u2019un artiste tu ach\u00e8tes des centaines d\u2019heures d\u2019\u00e9checs et d\u2019espoir.\u00a0Tu ach\u00e8tes des mois de frustrations et des [&hellip;]<\/p>\n","protected":false},"author":1,"featured_media":0,"parent":0,"menu_order":0,"comment_status":"closed","ping_status":"closed","template":"page-templates\/page_fullwidth.php","meta":{"footnotes":""},"class_list":["post-663","page","type-page","status-publish","hentry"],"_links":{"self":[{"href":"https:\/\/www.atelier18.be\/wp\/wp-json\/wp\/v2\/pages\/663","targetHints":{"allow":["GET"]}}],"collection":[{"href":"https:\/\/www.atelier18.be\/wp\/wp-json\/wp\/v2\/pages"}],"about":[{"href":"https:\/\/www.atelier18.be\/wp\/wp-json\/wp\/v2\/types\/page"}],"author":[{"embeddable":true,"href":"https:\/\/www.atelier18.be\/wp\/wp-json\/wp\/v2\/users\/1"}],"replies":[{"embeddable":true,"href":"https:\/\/www.atelier18.be\/wp\/wp-json\/wp\/v2\/comments?post=663"}],"version-history":[{"count":259,"href":"https:\/\/www.atelier18.be\/wp\/wp-json\/wp\/v2\/pages\/663\/revisions"}],"predecessor-version":[{"id":1660,"href":"https:\/\/www.atelier18.be\/wp\/wp-json\/wp\/v2\/pages\/663\/revisions\/1660"}],"wp:attachment":[{"href":"https:\/\/www.atelier18.be\/wp\/wp-json\/wp\/v2\/media?parent=663"}],"curies":[{"name":"wp","href":"https:\/\/api.w.org\/{rel}","templated":true}]}}