{"id":892,"date":"2020-05-16T19:54:01","date_gmt":"2020-05-16T20:54:01","guid":{"rendered":"https:\/\/www.atelier18.be\/wp\/?page_id=892"},"modified":"2023-01-13T15:17:13","modified_gmt":"2023-01-13T16:17:13","slug":"cabriolet","status":"publish","type":"page","link":"https:\/\/www.atelier18.be\/wp\/cabriolet\/","title":{"rendered":"Cabriolet"},"content":{"rendered":"\t\t<div data-elementor-type=\"wp-page\" data-elementor-id=\"892\" class=\"elementor elementor-892\">\n\t\t\t\t\t\t<section class=\"elementor-section elementor-top-section elementor-element elementor-element-4a277c0c elementor-section-boxed elementor-section-height-default elementor-section-height-default\" data-id=\"4a277c0c\" data-element_type=\"section\">\n\t\t\t\t\t\t<div class=\"elementor-container elementor-column-gap-default\">\n\t\t\t\t\t<div class=\"elementor-column elementor-col-100 elementor-top-column elementor-element elementor-element-1909f477\" data-id=\"1909f477\" data-element_type=\"column\">\n\t\t\t<div class=\"elementor-widget-wrap elementor-element-populated\">\n\t\t\t\t\t\t<div class=\"elementor-element elementor-element-4dd152bd elementor-widget elementor-widget-text-editor\" data-id=\"4dd152bd\" data-element_type=\"widget\" data-widget_type=\"text-editor.default\">\n\t\t\t\t<div class=\"elementor-widget-container\">\n\t\t\t\t\t\t\t<div class=\"page\" title=\"Page 1\"><div class=\"section\"><div class=\"layoutArea\"><div class=\"column\"><p>Le fauteuil Cabriolet est un petit si\u00e8ge l\u00e9ger de salon ou de \u200bboudoir\u200b . Il tient son nom des voitures \u00e0 cheval du XVIIIe si\u00e8cle connu pour leur mobilit\u00e9. En effet, ce meuble tr\u00e8s pratique se d\u00e9place facilement au gr\u00e9 des besoins de l&rsquo;utilisateur.<\/p><p>L&rsquo;int\u00e9r\u00eat du fauteuil Cabriolet r\u00e9side dans sa petite taille, sa l\u00e9g\u00e8ret\u00e9, son confort avec une assise semi-circulaire rembourr\u00e9e et un dossier enveloppant. Le dossier cintr\u00e9 ou violon\u00e9 \u00e0 hauteur d&rsquo;\u00e9paule du Cabriolet \u00e9pouse parfaitement la forme du dos.<\/p><p>Sa grande stabilit\u00e9 est assur\u00e9e gr\u00e2ce \u00e0 des pieds relativement bas.<br \/>Les accotoirs s&rsquo;\u00e9vasent et se positionnent g\u00e9n\u00e9ralement en retrait sur l&rsquo;assise. L&rsquo;accoudoir tient par le c\u00f4t\u00e9 du montant du dossier et non plus par la face.<\/p><\/div><\/div><\/div><\/div>\t\t\t\t\t\t<\/div>\n\t\t\t\t<\/div>\n\t\t\t\t\t<\/div>\n\t\t<\/div>\n\t\t\t\t\t<\/div>\n\t\t<\/section>\n\t\t\t\t<section class=\"elementor-section elementor-top-section elementor-element elementor-element-683d7a2 elementor-section-boxed elementor-section-height-default elementor-section-height-default\" data-id=\"683d7a2\" data-element_type=\"section\">\n\t\t\t\t\t\t<div class=\"elementor-container elementor-column-gap-default\">\n\t\t\t\t\t<div class=\"elementor-column elementor-col-100 elementor-top-column elementor-element elementor-element-17e5c64\" data-id=\"17e5c64\" data-element_type=\"column\">\n\t\t\t<div class=\"elementor-widget-wrap elementor-element-populated\">\n\t\t\t\t\t\t<div class=\"elementor-element elementor-element-df9317d elementor-widget elementor-widget-image-gallery\" data-id=\"df9317d\" data-element_type=\"widget\" data-widget_type=\"image-gallery.default\">\n\t\t\t\t<div class=\"elementor-widget-container\">\n\t\t\t\t\t<div class=\"elementor-image-gallery\">\n\t\t\t<div id='gallery-1' class='gallery galleryid-892 gallery-columns-2 gallery-size-thumbnail'><figure class='gallery-item'>\n\t\t\t<div class='gallery-icon portrait'>\n\t\t\t\t<a data-elementor-open-lightbox=\"yes\" data-elementor-lightbox-slideshow=\"df9317d\" data-elementor-lightbox-title=\"Cabriolet Louis XV\" data-e-action-hash=\"#elementor-action%3Aaction%3Dlightbox%26settings%3DeyJpZCI6MTE3NSwidXJsIjoiaHR0cHM6XC9cL3d3dy5hdGVsaWVyMTguYmVcL3dwXC93cC1jb250ZW50XC91cGxvYWRzXC8yMDIwXC8wN1wvY2FicmlvbGV0LUxvdWlzLVhWLTEtc2NhbGVkLmpwZyIsInNsaWRlc2hvdyI6ImRmOTMxN2QifQ%3D%3D\" href='https:\/\/www.atelier18.be\/wp\/wp-content\/uploads\/2020\/07\/cabriolet-Louis-XV-1-scaled.jpg'><img decoding=\"async\" width=\"150\" height=\"150\" src=\"https:\/\/www.atelier18.be\/wp\/wp-content\/uploads\/2020\/07\/cabriolet-Louis-XV-1-150x150.jpg\" class=\"attachment-thumbnail size-thumbnail\" alt=\"\" aria-describedby=\"gallery-1-1175\" srcset=\"https:\/\/www.atelier18.be\/wp\/wp-content\/uploads\/2020\/07\/cabriolet-Louis-XV-1-150x150.jpg 150w, https:\/\/www.atelier18.be\/wp\/wp-content\/uploads\/2020\/07\/cabriolet-Louis-XV-1-48x48.jpg 48w, https:\/\/www.atelier18.be\/wp\/wp-content\/uploads\/2020\/07\/cabriolet-Louis-XV-1-300x300.jpg 300w\" sizes=\"(max-width: 150px) 100vw, 150px\" \/><\/a>\n\t\t\t<\/div>\n\t\t\t\t<figcaption class='wp-caption-text gallery-caption' id='gallery-1-1175'>\n\t\t\t\tCabriolet Louis XV\n\t\t\t\t<\/figcaption><\/figure><figure class='gallery-item'>\n\t\t\t<div class='gallery-icon portrait'>\n\t\t\t\t<a data-elementor-open-lightbox=\"yes\" data-elementor-lightbox-slideshow=\"df9317d\" data-elementor-lightbox-title=\"Cabriolet Louis XVI\" data-e-action-hash=\"#elementor-action%3Aaction%3Dlightbox%26settings%3DeyJpZCI6MTE3NiwidXJsIjoiaHR0cHM6XC9cL3d3dy5hdGVsaWVyMTguYmVcL3dwXC93cC1jb250ZW50XC91cGxvYWRzXC8yMDIwXC8wN1wvQ2FicmlvbGV0LUxvdWlzLVhWSS0xLXNjYWxlZC5qcGciLCJzbGlkZXNob3ciOiJkZjkzMTdkIn0%3D\" href='https:\/\/www.atelier18.be\/wp\/wp-content\/uploads\/2020\/07\/Cabriolet-Louis-XVI-1-scaled.jpg'><img decoding=\"async\" width=\"150\" height=\"150\" src=\"https:\/\/www.atelier18.be\/wp\/wp-content\/uploads\/2020\/07\/Cabriolet-Louis-XVI-1-150x150.jpg\" class=\"attachment-thumbnail size-thumbnail\" alt=\"\" aria-describedby=\"gallery-1-1176\" srcset=\"https:\/\/www.atelier18.be\/wp\/wp-content\/uploads\/2020\/07\/Cabriolet-Louis-XVI-1-150x150.jpg 150w, https:\/\/www.atelier18.be\/wp\/wp-content\/uploads\/2020\/07\/Cabriolet-Louis-XVI-1-48x48.jpg 48w, https:\/\/www.atelier18.be\/wp\/wp-content\/uploads\/2020\/07\/Cabriolet-Louis-XVI-1-300x300.jpg 300w\" sizes=\"(max-width: 150px) 100vw, 150px\" \/><\/a>\n\t\t\t<\/div>\n\t\t\t\t<figcaption class='wp-caption-text gallery-caption' id='gallery-1-1176'>\n\t\t\t\tCabriolet Louis XVI\n\t\t\t\t<\/figcaption><\/figure><figure class='gallery-item'>\n\t\t\t<div class='gallery-icon landscape'>\n\t\t\t\t<a data-elementor-open-lightbox=\"yes\" data-elementor-lightbox-slideshow=\"df9317d\" data-elementor-lightbox-title=\"Paire de Cabriolet\" data-e-action-hash=\"#elementor-action%3Aaction%3Dlightbox%26settings%3DeyJpZCI6MTE3MiwidXJsIjoiaHR0cHM6XC9cL3d3dy5hdGVsaWVyMTguYmVcL3dwXC93cC1jb250ZW50XC91cGxvYWRzXC8yMDIwXC8wN1wvUGFpcmUtZGUtY2FicmlvbGV0LXNjYWxlZC5qcGciLCJzbGlkZXNob3ciOiJkZjkzMTdkIn0%3D\" href='https:\/\/www.atelier18.be\/wp\/wp-content\/uploads\/2020\/07\/Paire-de-cabriolet-scaled.jpg'><img decoding=\"async\" width=\"150\" height=\"150\" src=\"https:\/\/www.atelier18.be\/wp\/wp-content\/uploads\/2020\/07\/Paire-de-cabriolet-150x150.jpg\" class=\"attachment-thumbnail size-thumbnail\" alt=\"\" aria-describedby=\"gallery-1-1172\" srcset=\"https:\/\/www.atelier18.be\/wp\/wp-content\/uploads\/2020\/07\/Paire-de-cabriolet-150x150.jpg 150w, https:\/\/www.atelier18.be\/wp\/wp-content\/uploads\/2020\/07\/Paire-de-cabriolet-48x48.jpg 48w, https:\/\/www.atelier18.be\/wp\/wp-content\/uploads\/2020\/07\/Paire-de-cabriolet-300x300.jpg 300w\" sizes=\"(max-width: 150px) 100vw, 150px\" \/><\/a>\n\t\t\t<\/div>\n\t\t\t\t<figcaption class='wp-caption-text gallery-caption' id='gallery-1-1172'>\n\t\t\t\tPaire de Cabriolet\n\t\t\t\t<\/figcaption><\/figure><figure class='gallery-item'>\n\t\t\t<div class='gallery-icon landscape'>\n\t\t\t\t<a data-elementor-open-lightbox=\"yes\" data-elementor-lightbox-slideshow=\"df9317d\" data-elementor-lightbox-title=\"Cabriolet\" data-e-action-hash=\"#elementor-action%3Aaction%3Dlightbox%26settings%3DeyJpZCI6MTE3NywidXJsIjoiaHR0cHM6XC9cL3d3dy5hdGVsaWVyMTguYmVcL3dwXC93cC1jb250ZW50XC91cGxvYWRzXC8yMDIwXC8wN1wvQ2FicmlvbGV0LTEtc2NhbGVkLmpwZyIsInNsaWRlc2hvdyI6ImRmOTMxN2QifQ%3D%3D\" href='https:\/\/www.atelier18.be\/wp\/wp-content\/uploads\/2020\/07\/Cabriolet-1-scaled.jpg'><img loading=\"lazy\" decoding=\"async\" width=\"150\" height=\"150\" src=\"https:\/\/www.atelier18.be\/wp\/wp-content\/uploads\/2020\/07\/Cabriolet-1-150x150.jpg\" class=\"attachment-thumbnail size-thumbnail\" alt=\"\" aria-describedby=\"gallery-1-1177\" srcset=\"https:\/\/www.atelier18.be\/wp\/wp-content\/uploads\/2020\/07\/Cabriolet-1-150x150.jpg 150w, https:\/\/www.atelier18.be\/wp\/wp-content\/uploads\/2020\/07\/Cabriolet-1-48x48.jpg 48w, https:\/\/www.atelier18.be\/wp\/wp-content\/uploads\/2020\/07\/Cabriolet-1-300x300.jpg 300w\" sizes=\"(max-width: 150px) 100vw, 150px\" \/><\/a>\n\t\t\t<\/div>\n\t\t\t\t<figcaption class='wp-caption-text gallery-caption' id='gallery-1-1177'>\n\t\t\t\tCabriolet\n\t\t\t\t<\/figcaption><\/figure><figure class='gallery-item'>\n\t\t\t<div class='gallery-icon landscape'>\n\t\t\t\t<a data-elementor-open-lightbox=\"yes\" data-elementor-lightbox-slideshow=\"df9317d\" data-elementor-lightbox-title=\"Chaises-Lyre et Cabriolet\" data-e-action-hash=\"#elementor-action%3Aaction%3Dlightbox%26settings%3DeyJpZCI6MTE2OSwidXJsIjoiaHR0cHM6XC9cL3d3dy5hdGVsaWVyMTguYmVcL3dwXC93cC1jb250ZW50XC91cGxvYWRzXC8yMDIwXC8wN1wvQ2hhaXNlcy1MeXJlLWV0LWNhYnJpb2xldC1zY2FsZWQuanBnIiwic2xpZGVzaG93IjoiZGY5MzE3ZCJ9\" href='https:\/\/www.atelier18.be\/wp\/wp-content\/uploads\/2020\/07\/Chaises-Lyre-et-cabriolet-scaled.jpg'><img loading=\"lazy\" decoding=\"async\" width=\"150\" height=\"150\" src=\"https:\/\/www.atelier18.be\/wp\/wp-content\/uploads\/2020\/07\/Chaises-Lyre-et-cabriolet-150x150.jpg\" class=\"attachment-thumbnail size-thumbnail\" alt=\"\" aria-describedby=\"gallery-1-1169\" srcset=\"https:\/\/www.atelier18.be\/wp\/wp-content\/uploads\/2020\/07\/Chaises-Lyre-et-cabriolet-150x150.jpg 150w, https:\/\/www.atelier18.be\/wp\/wp-content\/uploads\/2020\/07\/Chaises-Lyre-et-cabriolet-48x48.jpg 48w, https:\/\/www.atelier18.be\/wp\/wp-content\/uploads\/2020\/07\/Chaises-Lyre-et-cabriolet-300x300.jpg 300w\" sizes=\"(max-width: 150px) 100vw, 150px\" \/><\/a>\n\t\t\t<\/div>\n\t\t\t\t<figcaption class='wp-caption-text gallery-caption' id='gallery-1-1169'>\n\t\t\t\tChaises-Lyre et Cabriolet\n\t\t\t\t<\/figcaption><\/figure><figure class='gallery-item'>\n\t\t\t<div class='gallery-icon portrait'>\n\t\t\t\t<a data-elementor-open-lightbox=\"yes\" data-elementor-lightbox-slideshow=\"df9317d\" data-elementor-lightbox-title=\"20220131_090126\" data-e-action-hash=\"#elementor-action%3Aaction%3Dlightbox%26settings%3DeyJpZCI6MTU0OSwidXJsIjoiaHR0cHM6XC9cL3d3dy5hdGVsaWVyMTguYmVcL3dwXC93cC1jb250ZW50XC91cGxvYWRzXC8yMDIzXC8wMVwvMjAyMjAxMzFfMDkwMTI2LXNjYWxlZC5qcGciLCJzbGlkZXNob3ciOiJkZjkzMTdkIn0%3D\" href='https:\/\/www.atelier18.be\/wp\/wp-content\/uploads\/2023\/01\/20220131_090126-scaled.jpg'><img loading=\"lazy\" decoding=\"async\" width=\"150\" height=\"150\" src=\"https:\/\/www.atelier18.be\/wp\/wp-content\/uploads\/2023\/01\/20220131_090126-150x150.jpg\" class=\"attachment-thumbnail size-thumbnail\" alt=\"\" aria-describedby=\"gallery-1-1549\" \/><\/a>\n\t\t\t<\/div>\n\t\t\t\t<figcaption class='wp-caption-text gallery-caption' id='gallery-1-1549'>\n\t\t\t\tCabriolet\n\t\t\t\t<\/figcaption><\/figure><figure class='gallery-item'>\n\t\t\t<div class='gallery-icon portrait'>\n\t\t\t\t<a data-elementor-open-lightbox=\"yes\" data-elementor-lightbox-slideshow=\"df9317d\" data-elementor-lightbox-title=\"dav\" data-e-action-hash=\"#elementor-action%3Aaction%3Dlightbox%26settings%3DeyJpZCI6MTU1MCwidXJsIjoiaHR0cHM6XC9cL3d3dy5hdGVsaWVyMTguYmVcL3dwXC93cC1jb250ZW50XC91cGxvYWRzXC8yMDIzXC8wMVwvSU1HXzIwMjEwMjE1XzExNDYwMi1zY2FsZWQuanBnIiwic2xpZGVzaG93IjoiZGY5MzE3ZCJ9\" href='https:\/\/www.atelier18.be\/wp\/wp-content\/uploads\/2023\/01\/IMG_20210215_114602-scaled.jpg'><img loading=\"lazy\" decoding=\"async\" width=\"150\" height=\"150\" src=\"https:\/\/www.atelier18.be\/wp\/wp-content\/uploads\/2023\/01\/IMG_20210215_114602-150x150.jpg\" class=\"attachment-thumbnail size-thumbnail\" alt=\"\" aria-describedby=\"gallery-1-1550\" \/><\/a>\n\t\t\t<\/div>\n\t\t\t\t<figcaption class='wp-caption-text gallery-caption' id='gallery-1-1550'>\n\t\t\t\tStyle directoire\n\t\t\t\t<\/figcaption><\/figure><figure class='gallery-item'>\n\t\t\t<div class='gallery-icon portrait'>\n\t\t\t\t<a data-elementor-open-lightbox=\"yes\" data-elementor-lightbox-slideshow=\"df9317d\" data-elementor-lightbox-title=\"20220801_172524\" data-e-action-hash=\"#elementor-action%3Aaction%3Dlightbox%26settings%3DeyJpZCI6MTU1MiwidXJsIjoiaHR0cHM6XC9cL3d3dy5hdGVsaWVyMTguYmVcL3dwXC93cC1jb250ZW50XC91cGxvYWRzXC8yMDIzXC8wMVwvMjAyMjA4MDFfMTcyNTI0LXNjYWxlZC5qcGciLCJzbGlkZXNob3ciOiJkZjkzMTdkIn0%3D\" href='https:\/\/www.atelier18.be\/wp\/wp-content\/uploads\/2023\/01\/20220801_172524-scaled.jpg'><img loading=\"lazy\" decoding=\"async\" width=\"150\" height=\"150\" src=\"https:\/\/www.atelier18.be\/wp\/wp-content\/uploads\/2023\/01\/20220801_172524-150x150.jpg\" class=\"attachment-thumbnail size-thumbnail\" alt=\"\" aria-describedby=\"gallery-1-1552\" \/><\/a>\n\t\t\t<\/div>\n\t\t\t\t<figcaption class='wp-caption-text gallery-caption' id='gallery-1-1552'>\n\t\t\t\tStyle directoire\n\t\t\t\t<\/figcaption><\/figure>\n\t\t<\/div>\n\t\t<\/div>\n\t\t\t\t<\/div>\n\t\t\t\t<\/div>\n\t\t\t\t\t<\/div>\n\t\t<\/div>\n\t\t\t\t\t<\/div>\n\t\t<\/section>\n\t\t\t\t<section class=\"elementor-section elementor-top-section elementor-element elementor-element-16fc1f5 elementor-section-boxed elementor-section-height-default elementor-section-height-default\" data-id=\"16fc1f5\" data-element_type=\"section\">\n\t\t\t\t\t\t<div class=\"elementor-container elementor-column-gap-default\">\n\t\t\t\t\t<div class=\"elementor-column elementor-col-100 elementor-top-column elementor-element elementor-element-c51be91\" data-id=\"c51be91\" data-element_type=\"column\">\n\t\t\t<div class=\"elementor-widget-wrap elementor-element-populated\">\n\t\t\t\t\t\t<div class=\"elementor-element elementor-element-ccb8d48 elementor-widget elementor-widget-text-editor\" data-id=\"ccb8d48\" data-element_type=\"widget\" data-widget_type=\"text-editor.default\">\n\t\t\t\t<div class=\"elementor-widget-container\">\n\t\t\t\t\t\t\t<p><a href=\"https:\/\/www.atelier18.be\/wp\/nos-prix\/\">Nos Prix<\/a> | <a href=\"https:\/\/www.atelier18.be\/wp\/contactez-nous\/\">Contacts<\/a><\/p>\t\t\t\t\t\t<\/div>\n\t\t\t\t<\/div>\n\t\t\t\t\t<\/div>\n\t\t<\/div>\n\t\t\t\t\t<\/div>\n\t\t<\/section>\n\t\t\t\t<\/div>\n\t\t","protected":false},"excerpt":{"rendered":"<p>Le fauteuil Cabriolet est un petit si\u00e8ge l\u00e9ger de salon ou de \u200bboudoir\u200b . Il tient son nom des voitures \u00e0 cheval [&hellip;]<\/p>\n","protected":false},"author":1,"featured_media":0,"parent":0,"menu_order":0,"comment_status":"closed","ping_status":"closed","template":"page-templates\/page_fullwidth.php","meta":{"footnotes":""},"class_list":["post-892","page","type-page","status-publish","hentry"],"_links":{"self":[{"href":"https:\/\/www.atelier18.be\/wp\/wp-json\/wp\/v2\/pages\/892","targetHints":{"allow":["GET"]}}],"collection":[{"href":"https:\/\/www.atelier18.be\/wp\/wp-json\/wp\/v2\/pages"}],"about":[{"href":"https:\/\/www.atelier18.be\/wp\/wp-json\/wp\/v2\/types\/page"}],"author":[{"embeddable":true,"href":"https:\/\/www.atelier18.be\/wp\/wp-json\/wp\/v2\/users\/1"}],"replies":[{"embeddable":true,"href":"https:\/\/www.atelier18.be\/wp\/wp-json\/wp\/v2\/comments?post=892"}],"version-history":[{"count":13,"href":"https:\/\/www.atelier18.be\/wp\/wp-json\/wp\/v2\/pages\/892\/revisions"}],"predecessor-version":[{"id":1555,"href":"https:\/\/www.atelier18.be\/wp\/wp-json\/wp\/v2\/pages\/892\/revisions\/1555"}],"wp:attachment":[{"href":"https:\/\/www.atelier18.be\/wp\/wp-json\/wp\/v2\/media?parent=892"}],"curies":[{"name":"wp","href":"https:\/\/api.w.org\/{rel}","templated":true}]}}